{"id":93,"date":"2014-08-09T14:20:40","date_gmt":"2014-08-09T12:20:40","guid":{"rendered":"http:\/\/www.alchemisten-ek.de\/?page_id=93"},"modified":"2022-09-16T11:44:34","modified_gmt":"2022-09-16T09:44:34","slug":"biomolekuele","status":"publish","type":"page","link":"https:\/\/www.alchemisten-ek.de\/?page_id=93","title":{"rendered":"Biomolek\u00fcle"},"content":{"rendered":"<p><span class=\"ILfuVd\"><span class=\"e24Kjd\"><b>Biomolek\u00fcle<\/b> sind organische Substanzen, die in Lebewesen vorkommen und zum gr\u00f6\u00dften Teil aus <\/span><\/span><span class=\"ILfuVd\"><span class=\"e24Kjd\">Kohlenstoff und Wasserstoff bestehen. Weitere Elemente sind unter anderem Sauerstoff, Stickstoff, Phosphor und Schwefel.<\/span><\/span><\/p>\n<p>Die Biomolek\u00fcle erf\u00fcllen eine Vielzahl von Funktionen im K\u00f6rper. W\u00e4hrend dieses Schuljahres werden <strong>Fette<\/strong>, <strong>Aminos\u00e4uren<\/strong> und <strong>Kohlenhydrate<\/strong> behandelt.<\/p>\n","protected":false},"excerpt":{"rendered":"<p>Biomolek\u00fcle sind organische Substanzen, die in Lebewesen vorkommen und zum gr\u00f6\u00dften Teil aus Kohlenstoff und Wasserstoff bestehen. Weitere Elemente sind unter anderem Sauerstoff, Stickstoff, Phosphor und Schwefel. Die Biomolek\u00fcle erf\u00fcllen eine Vielzahl von Funktionen im K\u00f6rper. W\u00e4hrend dieses Schuljahres werden Fette, Aminos\u00e4uren und Kohlenhydrate behandelt.<\/p>\n","protected":false},"author":1,"featured_media":0,"parent":9,"menu_order":10,"comment_status":"closed","ping_status":"closed","template":"","meta":{"footnotes":""},"class_list":["post-93","page","type-page","status-publish","hentry"],"_links":{"self":[{"href":"https:\/\/www.alchemisten-ek.de\/index.php?rest_route=\/wp\/v2\/pages\/93","targetHints":{"allow":["GET"]}}],"collection":[{"href":"https:\/\/www.alchemisten-ek.de\/index.php?rest_route=\/wp\/v2\/pages"}],"about":[{"href":"https:\/\/www.alchemisten-ek.de\/index.php?rest_route=\/wp\/v2\/types\/page"}],"author":[{"embeddable":true,"href":"https:\/\/www.alchemisten-ek.de\/index.php?rest_route=\/wp\/v2\/users\/1"}],"replies":[{"embeddable":true,"href":"https:\/\/www.alchemisten-ek.de\/index.php?rest_route=%2Fwp%2Fv2%2Fcomments&post=93"}],"version-history":[{"count":3,"href":"https:\/\/www.alchemisten-ek.de\/index.php?rest_route=\/wp\/v2\/pages\/93\/revisions"}],"predecessor-version":[{"id":1324,"href":"https:\/\/www.alchemisten-ek.de\/index.php?rest_route=\/wp\/v2\/pages\/93\/revisions\/1324"}],"up":[{"embeddable":true,"href":"https:\/\/www.alchemisten-ek.de\/index.php?rest_route=\/wp\/v2\/pages\/9"}],"wp:attachment":[{"href":"https:\/\/www.alchemisten-ek.de\/index.php?rest_route=%2Fwp%2Fv2%2Fmedia&parent=93"}],"curies":[{"name":"wp","href":"https:\/\/api.w.org\/{rel}","templated":true}]}}