{"id":9,"date":"2014-08-09T12:38:40","date_gmt":"2014-08-09T10:38:40","guid":{"rendered":"http:\/\/www.alchemisten-ek.de\/?page_id=9"},"modified":"2025-09-17T09:50:20","modified_gmt":"2025-09-17T07:50:20","slug":"fos-13-technik","status":"publish","type":"page","link":"https:\/\/www.alchemisten-ek.de\/?page_id=9","title":{"rendered":"FOS\/BOS 13 T"},"content":{"rendered":"<p><strong>Hier finden Sie Materialien zum Chemieunterricht im Schuljahr 2025 \/ 2026.<\/strong><\/p>\n<p>Diese Website ist analog zum Lehrplan in die einzelnen Kapitel des Unterrichts eingeteilt.<br \/>\nSie finden darin die Arbeitsbl\u00e4tter sowie Links zu erg\u00e4nzenden Seiten im Internet. Au\u00dferdem werden ggfs. \u00dcbungsmaterialien eingestellt.<br \/>\nDie Unterseiten sind zeitlich nur begrenzt einsehbar, den Zugangscode erhalten Sie zeitnah im Unterricht.<\/p>\n<p><a href=\"http:\/\/kab-devstudio.de\/chemadvk\/\" target=\"_blank\" rel=\"noopener\">Hier geht es zum Chemischen Adventskalender gestaltet vom Chemie Leistungskurs 2014-2016 Otto-Nagel-Gymnasium- viel Spa\u00df!<\/a><\/p>\n<p>Viel Erfolg beim Lernen!<\/p>\n<p><em><span style=\"font-size: small;\">C. Euringer-Klose<\/span><\/em><\/p>\n","protected":false},"excerpt":{"rendered":"<p>Hier finden Sie Materialien zum Chemieunterricht im Schuljahr 2025 \/ 2026. Diese Website ist analog zum Lehrplan in die einzelnen Kapitel des Unterrichts eingeteilt. Sie finden darin die Arbeitsbl\u00e4tter sowie Links zu erg\u00e4nzenden Seiten im Internet. Au\u00dferdem werden ggfs. \u00dcbungsmaterialien eingestellt. Die Unterseiten sind zeitlich nur begrenzt einsehbar, den Zugangscode erhalten Sie zeitnah im Unterricht. [&hellip;]<\/p>\n","protected":false},"author":1,"featured_media":0,"parent":0,"menu_order":5,"comment_status":"closed","ping_status":"closed","template":"","meta":{"footnotes":""},"class_list":["post-9","page","type-page","status-publish","hentry"],"_links":{"self":[{"href":"https:\/\/www.alchemisten-ek.de\/index.php?rest_route=\/wp\/v2\/pages\/9","targetHints":{"allow":["GET"]}}],"collection":[{"href":"https:\/\/www.alchemisten-ek.de\/index.php?rest_route=\/wp\/v2\/pages"}],"about":[{"href":"https:\/\/www.alchemisten-ek.de\/index.php?rest_route=\/wp\/v2\/types\/page"}],"author":[{"embeddable":true,"href":"https:\/\/www.alchemisten-ek.de\/index.php?rest_route=\/wp\/v2\/users\/1"}],"replies":[{"embeddable":true,"href":"https:\/\/www.alchemisten-ek.de\/index.php?rest_route=%2Fwp%2Fv2%2Fcomments&post=9"}],"version-history":[{"count":17,"href":"https:\/\/www.alchemisten-ek.de\/index.php?rest_route=\/wp\/v2\/pages\/9\/revisions"}],"predecessor-version":[{"id":3519,"href":"https:\/\/www.alchemisten-ek.de\/index.php?rest_route=\/wp\/v2\/pages\/9\/revisions\/3519"}],"wp:attachment":[{"href":"https:\/\/www.alchemisten-ek.de\/index.php?rest_route=%2Fwp%2Fv2%2Fmedia&parent=9"}],"curies":[{"name":"wp","href":"https:\/\/api.w.org\/{rel}","templated":true}]}}