{"id":483,"date":"2015-04-25T12:32:34","date_gmt":"2015-04-25T10:32:34","guid":{"rendered":"http:\/\/www.alchemisten-ek.de\/?page_id=483"},"modified":"2025-09-18T10:49:44","modified_gmt":"2025-09-18T08:49:44","slug":"datenschutz","status":"publish","type":"page","link":"https:\/\/www.alchemisten-ek.de\/?page_id=483","title":{"rendered":"Datenschutz"},"content":{"rendered":"<h2>Hinweise zum Datenschutz<\/h2>\n<p>Ihr Vertrauen ist uns wichtig. Deshalb respektieren wir den Datenschutz und informieren Sie \u00fcber die erhobenen und gespeicherten Daten und Ihre Rechte auf Auskunft, Berichtigung, Sperrung und L\u00f6schung.<\/p>\n<p><strong>1. Datenerhebung und -speicherung<\/strong><\/p>\n<p>Wenn eine Webseite besucht wird, sendet der Browser grunds\u00e4tzlich Informationen \u00fcber Browsertyp und Browserversion, das verwandte Betriebssystem, die Referrer-URL, die IP-Adresse, den Dateinamen, den Zugriffsstatus, die \u00fcbertragene Datenmenge, das Datum und die Uhrzeit der Serveranfrage. Diese Daten sind weder einer Person noch anderen Datenquellen zuzuordnen und werden zun\u00e4chst gespeichert und nach einer statistischen Auswertung gel\u00f6scht.<\/p>\n<p><strong>2. Cookies<\/strong><\/p>\n<p>Ihr Browser speichert zudem so genannte Cookies. Dabei handelt es sich um Dateien, die ein Surfen im Internet benutzerfreundlicher gestalten sollen. Das speichern von Cookies kann in den Einstellungen Ihres Browsers ausgeschaltet werden.<\/p>\n<p><strong>3. Auskunft, Berichtigung, Sperrung und L\u00f6schung<\/strong><\/p>\n<p>Personenbezogene Daten werden nur mit Ihrer Einwilligung zur Beantwortung von Anfragen, Abwicklung von Vertr\u00e4gen und der technischen Administration erhoben und f\u00fcr Dritte unzug\u00e4nglich gespeichert. Eine Weitergabe der Daten an Dritte erfolgt nur zum Zweck der Vertragsabwicklung bzw. bei Ihrer Einwilligung, welche jederzeit widerrufen werden kann. Eine Weitergabe oder ein Verkauf der personenbezogenen Daten findet nicht statt.<\/p>\n<p>Jederzeit kann von Ihnen Auskunft \u00fcber die gespeicherten Daten, den Zweck der Speicherung und deren Herkunft verlangt werden. Zus\u00e4tzlich besteht nach Ma\u00dfgabe der gesetzlichen Bestimmungen ein Recht auf Berichtigung, Sperrung und L\u00f6schung der personenbezogenen Daten. Eine entsprechende Anfrage bzw. ein Begehren nach Berichtigung, Sperrung oder L\u00f6schung der personenbezogenen Daten ist \u00fcber die auf der Webseite genannten Kontaktdaten m\u00f6glich.<\/p>\n<p>Quelle und weitere Informationen: <a href=\"http:\/\/www.justlaw.de\/\" target=\"_blank\">just law Rechtsanw\u00e4lte G\u00f6ttingen<\/a><\/p>\n","protected":false},"excerpt":{"rendered":"<p>Hinweise zum Datenschutz Ihr Vertrauen ist uns wichtig. Deshalb respektieren wir den Datenschutz und informieren Sie \u00fcber die erhobenen und gespeicherten Daten und Ihre Rechte auf Auskunft, Berichtigung, Sperrung und L\u00f6schung. 1. Datenerhebung und -speicherung Wenn eine Webseite besucht wird, sendet der Browser grunds\u00e4tzlich Informationen \u00fcber Browsertyp und Browserversion, das verwandte Betriebssystem, die Referrer-URL, die [&hellip;]<\/p>\n","protected":false},"author":1,"featured_media":0,"parent":0,"menu_order":110,"comment_status":"closed","ping_status":"closed","template":"","meta":{"footnotes":""},"class_list":["post-483","page","type-page","status-publish","hentry"],"_links":{"self":[{"href":"https:\/\/www.alchemisten-ek.de\/index.php?rest_route=\/wp\/v2\/pages\/483","targetHints":{"allow":["GET"]}}],"collection":[{"href":"https:\/\/www.alchemisten-ek.de\/index.php?rest_route=\/wp\/v2\/pages"}],"about":[{"href":"https:\/\/www.alchemisten-ek.de\/index.php?rest_route=\/wp\/v2\/types\/page"}],"author":[{"embeddable":true,"href":"https:\/\/www.alchemisten-ek.de\/index.php?rest_route=\/wp\/v2\/users\/1"}],"replies":[{"embeddable":true,"href":"https:\/\/www.alchemisten-ek.de\/index.php?rest_route=%2Fwp%2Fv2%2Fcomments&post=483"}],"version-history":[{"count":3,"href":"https:\/\/www.alchemisten-ek.de\/index.php?rest_route=\/wp\/v2\/pages\/483\/revisions"}],"predecessor-version":[{"id":486,"href":"https:\/\/www.alchemisten-ek.de\/index.php?rest_route=\/wp\/v2\/pages\/483\/revisions\/486"}],"wp:attachment":[{"href":"https:\/\/www.alchemisten-ek.de\/index.php?rest_route=%2Fwp%2Fv2%2Fmedia&parent=483"}],"curies":[{"name":"wp","href":"https:\/\/api.w.org\/{rel}","templated":true}]}}