{"id":2272,"date":"2020-09-09T18:03:09","date_gmt":"2020-09-09T16:03:09","guid":{"rendered":"https:\/\/www.alchemisten-ek.de\/?page_id=2272"},"modified":"2025-09-17T09:54:55","modified_gmt":"2025-09-17T07:54:55","slug":"b12t","status":"publish","type":"page","link":"https:\/\/www.alchemisten-ek.de\/?page_id=2272","title":{"rendered":"BOS 12 T"},"content":{"rendered":"<p><strong>Hier finden Sie Materialien zum Chemieunterricht im Schuljahr 2025 \/ 2026.<\/strong><\/p>\n<p>Diese Website ist analog zum Lehrplan in die einzelnen Kapitel des Unterrichts eingeteilt.<br \/>\nSie finden darin die Arbeitsbl\u00e4tter sowie Links zu erg\u00e4nzenden Seiten im Internet. Au\u00dferdem werden ggfs. \u00dcbungsmaterialien eingestellt.<br \/>\nDie Unterseiten sind zeitlich nur begrenzt einsehbar, den Zugangscode erhalten Sie zeitnah im Unterricht.<\/p>\n<p>Viel Erfolg beim Lernen!<\/p>\n<p><em>C. Euringer-Klose<\/em><\/p>\n","protected":false},"excerpt":{"rendered":"<p>Hier finden Sie Materialien zum Chemieunterricht im Schuljahr 2025 \/ 2026. Diese Website ist analog zum Lehrplan in die einzelnen Kapitel des Unterrichts eingeteilt. Sie finden darin die Arbeitsbl\u00e4tter sowie Links zu erg\u00e4nzenden Seiten im Internet. Au\u00dferdem werden ggfs. \u00dcbungsmaterialien eingestellt. Die Unterseiten sind zeitlich nur begrenzt einsehbar, den Zugangscode erhalten Sie zeitnah im Unterricht. [&hellip;]<\/p>\n","protected":false},"author":1,"featured_media":0,"parent":0,"menu_order":10,"comment_status":"closed","ping_status":"closed","template":"","meta":{"footnotes":""},"class_list":["post-2272","page","type-page","status-publish","hentry"],"_links":{"self":[{"href":"https:\/\/www.alchemisten-ek.de\/index.php?rest_route=\/wp\/v2\/pages\/2272","targetHints":{"allow":["GET"]}}],"collection":[{"href":"https:\/\/www.alchemisten-ek.de\/index.php?rest_route=\/wp\/v2\/pages"}],"about":[{"href":"https:\/\/www.alchemisten-ek.de\/index.php?rest_route=\/wp\/v2\/types\/page"}],"author":[{"embeddable":true,"href":"https:\/\/www.alchemisten-ek.de\/index.php?rest_route=\/wp\/v2\/users\/1"}],"replies":[{"embeddable":true,"href":"https:\/\/www.alchemisten-ek.de\/index.php?rest_route=%2Fwp%2Fv2%2Fcomments&post=2272"}],"version-history":[{"count":6,"href":"https:\/\/www.alchemisten-ek.de\/index.php?rest_route=\/wp\/v2\/pages\/2272\/revisions"}],"predecessor-version":[{"id":3531,"href":"https:\/\/www.alchemisten-ek.de\/index.php?rest_route=\/wp\/v2\/pages\/2272\/revisions\/3531"}],"wp:attachment":[{"href":"https:\/\/www.alchemisten-ek.de\/index.php?rest_route=%2Fwp%2Fv2%2Fmedia&parent=2272"}],"curies":[{"name":"wp","href":"https:\/\/api.w.org\/{rel}","templated":true}]}}