{"id":19,"date":"2014-08-09T12:51:50","date_gmt":"2014-08-09T10:51:50","guid":{"rendered":"http:\/\/www.alchemisten-ek.de\/?page_id=19"},"modified":"2025-09-17T09:56:08","modified_gmt":"2025-09-17T07:56:08","slug":"home","status":"publish","type":"page","link":"https:\/\/www.alchemisten-ek.de\/","title":{"rendered":"HOME"},"content":{"rendered":"\n<p><strong>Falls die Schule im Pr\u00e4senzunterricht geschlossen sein sollte, werden alle Sch\u00fcler \u00fcber diese Plattform mit Unterrichtsmaterialien versorgt.<br><\/strong><\/p>\n\n\n\n<p>Die einzelnen Inhalte und \u00dcbungen findet Ihr auf der Seite Eurer Klasse. Zugang erhaltet Ihr mit den gewohnten Passw\u00f6rtern. Ich hoffe, dass der Stoff digital einigerma\u00dfen verst\u00e4ndlich bei Euch ankommt \ud83d\ude42<\/p>\n\n\n\n<p>C. Euringer-Klose<\/p>\n\n\n\n<h2 class=\"wp-block-heading\"><a rel=\"noreferrer noopener\" href=\"https:\/\/www.youtube.com\/watch?v=rz4Dd1I_fX0\" target=\"_blank\"><em>Das Periodensystem-Lied<\/em><\/a><\/h2>\n\n\n\n<p><strong>Hier findet Ihr Materialien zum Chemieunterricht im Schuljahr 2025 \/ 2026.<\/strong><\/p>\n\n\n\n<p>Diese Website ist analog zum Lehrplan in die einzelnen Kapitel des Unterrichts eingeteilt.<br>Ihr findet darin die Arbeitsbl\u00e4tter sowie Links zu erg\u00e4nzenden Seiten im Internet. Au\u00dferdem werden ggfs. \u00dcbungsmaterialien eingestellt.<br>Die Unterseiten sind zeitlich nur begrenzt einsehbar, den Zugangscode erhaltet Ihr zeitnah im Unterricht.<\/p>\n\n\n\n<p>Viel Erfolg beim Lernen!<\/p>\n\n\n\n<p><em><span style=\"font-size: small;\">C. Euringer-Klose<\/span><\/em><\/p>\n","protected":false},"excerpt":{"rendered":"<p>Falls die Schule im Pr\u00e4senzunterricht geschlossen sein sollte, werden alle Sch\u00fcler \u00fcber diese Plattform mit Unterrichtsmaterialien versorgt. Die einzelnen Inhalte und \u00dcbungen findet Ihr auf der Seite Eurer Klasse. Zugang erhaltet Ihr mit den gewohnten Passw\u00f6rtern. Ich hoffe, dass der Stoff digital einigerma\u00dfen verst\u00e4ndlich bei Euch ankommt \ud83d\ude42 C. Euringer-Klose Das Periodensystem-Lied Hier findet Ihr [&hellip;]<\/p>\n","protected":false},"author":1,"featured_media":0,"parent":0,"menu_order":0,"comment_status":"closed","ping_status":"closed","template":"page-templates\/front-page.php","meta":{"footnotes":""},"class_list":["post-19","page","type-page","status-publish","hentry"],"_links":{"self":[{"href":"https:\/\/www.alchemisten-ek.de\/index.php?rest_route=\/wp\/v2\/pages\/19","targetHints":{"allow":["GET"]}}],"collection":[{"href":"https:\/\/www.alchemisten-ek.de\/index.php?rest_route=\/wp\/v2\/pages"}],"about":[{"href":"https:\/\/www.alchemisten-ek.de\/index.php?rest_route=\/wp\/v2\/types\/page"}],"author":[{"embeddable":true,"href":"https:\/\/www.alchemisten-ek.de\/index.php?rest_route=\/wp\/v2\/users\/1"}],"replies":[{"embeddable":true,"href":"https:\/\/www.alchemisten-ek.de\/index.php?rest_route=%2Fwp%2Fv2%2Fcomments&post=19"}],"version-history":[{"count":23,"href":"https:\/\/www.alchemisten-ek.de\/index.php?rest_route=\/wp\/v2\/pages\/19\/revisions"}],"predecessor-version":[{"id":3532,"href":"https:\/\/www.alchemisten-ek.de\/index.php?rest_route=\/wp\/v2\/pages\/19\/revisions\/3532"}],"wp:attachment":[{"href":"https:\/\/www.alchemisten-ek.de\/index.php?rest_route=%2Fwp%2Fv2%2Fmedia&parent=19"}],"curies":[{"name":"wp","href":"https:\/\/api.w.org\/{rel}","templated":true}]}}